{"id":3781,"date":"2026-01-13T17:30:42","date_gmt":"2026-01-13T17:30:42","guid":{"rendered":"https:\/\/projetos.webthomaz.com\/prafrentebrasil\/?post_type=product&#038;p=3781"},"modified":"2026-01-13T17:36:26","modified_gmt":"2026-01-13T17:36:26","slug":"scania-r440-6x2","status":"publish","type":"product","link":"https:\/\/projetos.webthomaz.com\/prafrentebrasil\/produto\/scania-r440-6x2\/","title":{"rendered":"Scania R440 6&#215;2"},"content":{"rendered":"<div>\n<div>\n<p><span style=\"color: #0000ff;\"><strong>Informa\u00e7\u00f5es adicionais:\u00a0<\/strong><\/span><\/p>\n<\/div>\n<div>Ano <strong>2018<\/strong>;<\/div>\n<\/div>\n<div><strong>\u00danico<\/strong> dono;<\/div>\n<div>Garantia de <strong>3 meses<\/strong>;<\/div>\n<div>Documenta\u00e7\u00e3o <strong>em dia<\/strong>;<\/div>\n<div>Ve\u00edculo <strong>revisado<\/strong>.<\/div>\n","protected":false},"excerpt":{"rendered":"<p>Informa\u00e7\u00f5es adicionais:\u00a0 Ano 2018; \u00danico dono; Garantia de 3 meses; Documenta\u00e7\u00e3o em dia; Ve\u00edculo revisado.<\/p>\n","protected":false},"featured_media":3782,"comment_status":"open","ping_status":"closed","template":"","meta":{"_joinchat":[]},"product_brand":[],"product_cat":[20],"product_tag":[],"class_list":{"0":"post-3781","1":"product","2":"type-product","3":"status-publish","4":"has-post-thumbnail","6":"product_cat-sem-categoria","8":"first","9":"instock","10":"shipping-taxable","11":"purchasable","12":"product-type-simple"},"_links":{"self":[{"href":"https:\/\/projetos.webthomaz.com\/prafrentebrasil\/wp-json\/wp\/v2\/product\/3781","targetHints":{"allow":["GET"]}}],"collection":[{"href":"https:\/\/projetos.webthomaz.com\/prafrentebrasil\/wp-json\/wp\/v2\/product"}],"about":[{"href":"https:\/\/projetos.webthomaz.com\/prafrentebrasil\/wp-json\/wp\/v2\/types\/product"}],"replies":[{"embeddable":true,"href":"https:\/\/projetos.webthomaz.com\/prafrentebrasil\/wp-json\/wp\/v2\/comments?post=3781"}],"wp:featuredmedia":[{"embeddable":true,"href":"https:\/\/projetos.webthomaz.com\/prafrentebrasil\/wp-json\/wp\/v2\/media\/3782"}],"wp:attachment":[{"href":"https:\/\/projetos.webthomaz.com\/prafrentebrasil\/wp-json\/wp\/v2\/media?parent=3781"}],"wp:term":[{"taxonomy":"product_brand","embeddable":true,"href":"https:\/\/projetos.webthomaz.com\/prafrentebrasil\/wp-json\/wp\/v2\/product_brand?post=3781"},{"taxonomy":"product_cat","embeddable":true,"href":"https:\/\/projetos.webthomaz.com\/prafrentebrasil\/wp-json\/wp\/v2\/product_cat?post=3781"},{"taxonomy":"product_tag","embeddable":true,"href":"https:\/\/projetos.webthomaz.com\/prafrentebrasil\/wp-json\/wp\/v2\/product_tag?post=3781"}],"curies":[{"name":"wp","href":"https:\/\/api.w.org\/{rel}","templated":true}]}}