{"id":3778,"date":"2026-01-13T17:22:47","date_gmt":"2026-01-13T17:22:47","guid":{"rendered":"https:\/\/projetos.webthomaz.com\/prafrentebrasil\/?post_type=product&#038;p=3778"},"modified":"2026-01-13T17:35:45","modified_gmt":"2026-01-13T17:35:45","slug":"scania-r440-8x2","status":"publish","type":"product","link":"https:\/\/projetos.webthomaz.com\/prafrentebrasil\/produto\/scania-r440-8x2\/","title":{"rendered":"Scania R440 8&#215;2"},"content":{"rendered":"<div>\n<p><span style=\"color: #0000ff;\"><strong>Informa\u00e7\u00f5es adicionais:<\/strong><\/span><\/p>\n<\/div>\n<div>\n<p>Ano <strong>2018<\/strong>;<br \/>\n<strong>\u00danico<\/strong> dono;<br \/>\nGarantia de <strong>3 meses<\/strong>;<br \/>\nDocumenta\u00e7\u00e3o <strong>em dia<\/strong>;<br \/>\nVe\u00edculo <strong>revisado<\/strong>.<\/p>\n<\/div>\n","protected":false},"excerpt":{"rendered":"<p>Informa\u00e7\u00f5es adicionais: Ano 2018; \u00danico dono; Garantia de 3 meses; Documenta\u00e7\u00e3o em dia; Ve\u00edculo revisado.<\/p>\n","protected":false},"featured_media":3780,"comment_status":"open","ping_status":"closed","template":"","meta":{"_joinchat":[]},"product_brand":[],"product_cat":[20],"product_tag":[],"class_list":{"0":"post-3778","1":"product","2":"type-product","3":"status-publish","4":"has-post-thumbnail","6":"product_cat-sem-categoria","8":"first","9":"instock","10":"shipping-taxable","11":"purchasable","12":"product-type-simple"},"_links":{"self":[{"href":"https:\/\/projetos.webthomaz.com\/prafrentebrasil\/wp-json\/wp\/v2\/product\/3778","targetHints":{"allow":["GET"]}}],"collection":[{"href":"https:\/\/projetos.webthomaz.com\/prafrentebrasil\/wp-json\/wp\/v2\/product"}],"about":[{"href":"https:\/\/projetos.webthomaz.com\/prafrentebrasil\/wp-json\/wp\/v2\/types\/product"}],"replies":[{"embeddable":true,"href":"https:\/\/projetos.webthomaz.com\/prafrentebrasil\/wp-json\/wp\/v2\/comments?post=3778"}],"wp:featuredmedia":[{"embeddable":true,"href":"https:\/\/projetos.webthomaz.com\/prafrentebrasil\/wp-json\/wp\/v2\/media\/3780"}],"wp:attachment":[{"href":"https:\/\/projetos.webthomaz.com\/prafrentebrasil\/wp-json\/wp\/v2\/media?parent=3778"}],"wp:term":[{"taxonomy":"product_brand","embeddable":true,"href":"https:\/\/projetos.webthomaz.com\/prafrentebrasil\/wp-json\/wp\/v2\/product_brand?post=3778"},{"taxonomy":"product_cat","embeddable":true,"href":"https:\/\/projetos.webthomaz.com\/prafrentebrasil\/wp-json\/wp\/v2\/product_cat?post=3778"},{"taxonomy":"product_tag","embeddable":true,"href":"https:\/\/projetos.webthomaz.com\/prafrentebrasil\/wp-json\/wp\/v2\/product_tag?post=3778"}],"curies":[{"name":"wp","href":"https:\/\/api.w.org\/{rel}","templated":true}]}}