{"id":3274,"date":"2025-11-14T05:27:24","date_gmt":"2025-11-14T05:27:24","guid":{"rendered":"http:\/\/projetos.webthomaz.com\/prafrentebrasil\/?page_id=3274"},"modified":"2026-01-05T14:22:41","modified_gmt":"2026-01-05T14:22:41","slug":"seminovos","status":"publish","type":"page","link":"https:\/\/projetos.webthomaz.com\/prafrentebrasil\/seminovos\/","title":{"rendered":"Seminovos"},"content":{"rendered":"\t\t<div data-elementor-type=\"wp-page\" data-elementor-id=\"3274\" class=\"elementor elementor-3274\" data-elementor-post-type=\"page\">\n\t\t\t\t<div class=\"elementor-element elementor-element-7e8418b e-con-full e-flex e-con e-parent\" data-id=\"7e8418b\" data-element_type=\"container\" data-settings=\"{&quot;background_background&quot;:&quot;classic&quot;}\">\n\t\t<div class=\"elementor-element elementor-element-535088c e-flex e-con-boxed e-con e-child\" data-id=\"535088c\" data-element_type=\"container\">\n\t\t\t\t\t<div class=\"e-con-inner\">\n\t\t<div class=\"elementor-element elementor-element-d22431f e-con-full e-flex e-con e-child\" data-id=\"d22431f\" data-element_type=\"container\">\n\t\t<div class=\"elementor-element elementor-element-e7aa88c e-grid e-con-full e-con e-child\" data-id=\"e7aa88c\" data-element_type=\"container\">\n\t\t\t\t<div class=\"elementor-element elementor-element-c06587e elementor-align-right elementor-mobile-align-center elementor-widget elementor-widget-button\" data-id=\"c06587e\" data-element_type=\"widget\" data-widget_type=\"button.default\">\n\t\t\t\t<div class=\"elementor-widget-container\">\n\t\t\t\t\t<div class=\"elementor-button-wrapper\">\n\t\t\t<a class=\"elementor-button elementor-size-sm\" role=\"button\">\n\t\t\t\t\t\t<span class=\"elementor-button-content-wrapper\">\n\t\t\t\t\t\t<span class=\"elementor-button-icon\">\n\t\t\t\t<i aria-hidden=\"true\" class=\"icon icon-right-arrow1\"><\/i>\t\t\t<\/span>\n\t\t\t\t\t\t\t\t\t<span class=\"elementor-button-text\">#PraFrenteComVoc\u00ea<\/span>\n\t\t\t\t\t<\/span>\n\t\t\t\t\t<\/a>\n\t\t<\/div>\n\t\t\t\t<\/div>\n\t\t\t\t<\/div>\n\t\t\t\t<div class=\"elementor-element elementor-element-b64ac52 elementor-align-left elementor-mobile-align-center elementor-hidden-mobile elementor-widget elementor-widget-button\" data-id=\"b64ac52\" data-element_type=\"widget\" data-widget_type=\"button.default\">\n\t\t\t\t<div class=\"elementor-widget-container\">\n\t\t\t\t\t<div class=\"elementor-button-wrapper\">\n\t\t\t<a class=\"elementor-button elementor-size-sm\" role=\"button\">\n\t\t\t\t\t\t<span class=\"elementor-button-content-wrapper\">\n\t\t\t\t\t\t\t\t\t<span class=\"elementor-button-text\">Entre em contato<\/span>\n\t\t\t\t\t<\/span>\n\t\t\t\t\t<\/a>\n\t\t<\/div>\n\t\t\t\t<\/div>\n\t\t\t\t<\/div>\n\t\t\t\t<\/div>\n\t\t\t\t<\/div>\n\t\t\t\t\t<\/div>\n\t\t\t\t<\/div>\n\t\t<div class=\"elementor-element elementor-element-79f3201 e-flex e-con-boxed e-con e-child\" data-id=\"79f3201\" data-element_type=\"container\">\n\t\t\t\t\t<div class=\"e-con-inner\">\n\t\t\t\t<div class=\"elementor-element elementor-element-6f4d194 elementor-widget elementor-widget-heading\" data-id=\"6f4d194\" data-element_type=\"widget\" data-widget_type=\"heading.default\">\n\t\t\t\t<div class=\"elementor-widget-container\">\n\t\t\t<h2 class=\"elementor-heading-title elementor-size-default\"><span style=\"color: #ffe700\">Caminh\u00f5es semi-novos<\/span> com garantia de proced\u00eancia<\/h2>\t\t<\/div>\n\t\t\t\t<\/div>\n\t\t\t\t<div class=\"elementor-element elementor-element-f5c2d5c elementor-widget elementor-widget-heading\" data-id=\"f5c2d5c\" data-element_type=\"widget\" data-widget_type=\"heading.default\">\n\t\t\t\t<div class=\"elementor-widget-container\">\n\t\t\t<h2 class=\"elementor-heading-title elementor-size-default\">Ve\u00edculos revisados, preparados e prontos para rodar com a confian\u00e7a e a for\u00e7a que o seu neg\u00f3cio precisa.<\/h2>\t\t<\/div>\n\t\t\t\t<\/div>\n\t\t\t\t\t<\/div>\n\t\t\t\t<\/div>\n\t\t\t\t<\/div>\n\t\t<div class=\"elementor-element elementor-element-4210b9a e-con-full e-flex e-con e-parent\" data-id=\"4210b9a\" data-element_type=\"container\">\n\t\t\t\t<div class=\"elementor-element elementor-element-097ae4b elementor-grid-4 elementor-grid-tablet-3 elementor-grid-mobile-2 elementor-products-grid elementor-wc-products elementor-show-pagination-border-yes elementor-widget elementor-widget-woocommerce-products\" data-id=\"097ae4b\" data-element_type=\"widget\" data-widget_type=\"woocommerce-products.default\">\n\t\t\t\t<div class=\"elementor-widget-container\">\n\t\t\t<div class=\"woocommerce columns-4 \"><div class=\"woocommerce-notices-wrapper\"><\/div><form class=\"woocommerce-ordering\" method=\"get\">\n\t\t<select\n\t\tname=\"orderby\"\n\t\tclass=\"orderby\"\n\t\t\t\t\taria-label=\"Pedido da loja\"\n\t\t\t>\n\t\t\t\t\t<option value=\"menu_order\"  selected='selected'>Ordena\u00e7\u00e3o padr\u00e3o<\/option>\n\t\t\t\t\t<option value=\"popularity\" >Ordenar por popularidade<\/option>\n\t\t\t\t\t<option value=\"rating\" >Ordenar por m\u00e9dia de classifica\u00e7\u00e3o<\/option>\n\t\t\t\t\t<option value=\"date\" >Ordenar por mais recente<\/option>\n\t\t\t\t\t<option value=\"price\" >Ordenar por pre\u00e7o: menor para maior<\/option>\n\t\t\t\t\t<option value=\"price-desc\" >Ordenar por pre\u00e7o: maior para menor<\/option>\n\t\t\t<\/select>\n\t<input type=\"hidden\" name=\"paged\" value=\"1\" \/>\n\t<\/form>\n<ul class=\"products elementor-grid columns-4\">\n<li class=\"product type-product post-3781 status-publish first instock product_cat-sem-categoria has-post-thumbnail shipping-taxable purchasable product-type-simple\">\n\t<a href=\"https:\/\/projetos.webthomaz.com\/prafrentebrasil\/produto\/scania-r440-6x2\/\" class=\"woocommerce-LoopProduct-link woocommerce-loop-product__link\"><img loading=\"lazy\" decoding=\"async\" width=\"300\" height=\"300\" src=\"https:\/\/projetos.webthomaz.com\/prafrentebrasil\/wp-content\/uploads\/2026\/01\/Design-sem-nome-3-300x300.png\" class=\"attachment-woocommerce_thumbnail size-woocommerce_thumbnail\" alt=\"Scania R440 6x2\" srcset=\"https:\/\/projetos.webthomaz.com\/prafrentebrasil\/wp-content\/uploads\/2026\/01\/Design-sem-nome-3-300x300.png 300w, https:\/\/projetos.webthomaz.com\/prafrentebrasil\/wp-content\/uploads\/2026\/01\/Design-sem-nome-3-150x150.png 150w, https:\/\/projetos.webthomaz.com\/prafrentebrasil\/wp-content\/uploads\/2026\/01\/Design-sem-nome-3-100x100.png 100w\" sizes=\"auto, (max-width: 300px) 100vw, 300px\" \/><h2 class=\"woocommerce-loop-product__title\">Scania R440 6&#215;2<\/h2>\n\t<span class=\"price\"><span class=\"woocommerce-Price-amount amount\"><bdi><span class=\"woocommerce-Price-currencySymbol\">&#82;&#36;<\/span>&nbsp;485.000,00<\/bdi><\/span><\/span>\n<\/a><a href=\"\/prafrentebrasil\/wp-json\/wp\/v2\/pages\/3274?add-to-cart=3781\" aria-describedby=\"woocommerce_loop_add_to_cart_link_describedby_3781\" data-quantity=\"1\" class=\"button product_type_simple add_to_cart_button ajax_add_to_cart\" data-product_id=\"3781\" data-product_sku=\"\" aria-label=\"Adicione ao carrinho: &ldquo;Scania R440 6x2&rdquo;\" rel=\"nofollow\" data-success_message=\"\u201cScania R440 6x2\u201d foi adicionado ao seu carrinho\" role=\"button\">Adicionar ao carrinho<\/a>\t<span id=\"woocommerce_loop_add_to_cart_link_describedby_3781\" class=\"screen-reader-text\">\n\t\t\t<\/span>\n<\/li>\n<li class=\"product type-product post-3778 status-publish instock product_cat-sem-categoria has-post-thumbnail shipping-taxable purchasable product-type-simple\">\n\t<a href=\"https:\/\/projetos.webthomaz.com\/prafrentebrasil\/produto\/scania-r440-8x2\/\" class=\"woocommerce-LoopProduct-link woocommerce-loop-product__link\"><img loading=\"lazy\" decoding=\"async\" width=\"300\" height=\"300\" src=\"https:\/\/projetos.webthomaz.com\/prafrentebrasil\/wp-content\/uploads\/2026\/01\/Design-sem-nome-2-300x300.png\" class=\"attachment-woocommerce_thumbnail size-woocommerce_thumbnail\" alt=\"Scania R440 8x2\" srcset=\"https:\/\/projetos.webthomaz.com\/prafrentebrasil\/wp-content\/uploads\/2026\/01\/Design-sem-nome-2-300x300.png 300w, https:\/\/projetos.webthomaz.com\/prafrentebrasil\/wp-content\/uploads\/2026\/01\/Design-sem-nome-2-150x150.png 150w, https:\/\/projetos.webthomaz.com\/prafrentebrasil\/wp-content\/uploads\/2026\/01\/Design-sem-nome-2-100x100.png 100w\" sizes=\"auto, (max-width: 300px) 100vw, 300px\" \/><h2 class=\"woocommerce-loop-product__title\">Scania R440 8&#215;2<\/h2>\n\t<span class=\"price\"><span class=\"woocommerce-Price-amount amount\"><bdi><span class=\"woocommerce-Price-currencySymbol\">&#82;&#36;<\/span>&nbsp;486.000,00<\/bdi><\/span><\/span>\n<\/a><a href=\"\/prafrentebrasil\/wp-json\/wp\/v2\/pages\/3274?add-to-cart=3778\" aria-describedby=\"woocommerce_loop_add_to_cart_link_describedby_3778\" data-quantity=\"1\" class=\"button product_type_simple add_to_cart_button ajax_add_to_cart\" data-product_id=\"3778\" data-product_sku=\"\" aria-label=\"Adicione ao carrinho: &ldquo;Scania R440 8x2&rdquo;\" rel=\"nofollow\" data-success_message=\"\u201cScania R440 8x2\u201d foi adicionado ao seu carrinho\" role=\"button\">Adicionar ao carrinho<\/a>\t<span id=\"woocommerce_loop_add_to_cart_link_describedby_3778\" class=\"screen-reader-text\">\n\t\t\t<\/span>\n<\/li>\n<\/ul>\n<\/div>\t\t<\/div>\n\t\t\t\t<\/div>\n\t\t\t\t<\/div>\n\t\t\t\t<\/div>\n\t\t","protected":false},"excerpt":{"rendered":"<p>#PraFrenteComVoc\u00ea Entre em contato Caminh\u00f5es semi-novos com garantia de proced\u00eancia Ve\u00edculos revisados, preparados e prontos para rodar com a confian\u00e7a e a for\u00e7a que o seu neg\u00f3cio precisa.<\/p>\n","protected":false},"author":1,"featured_media":0,"parent":0,"menu_order":0,"comment_status":"closed","ping_status":"closed","template":"elementor_header_footer","meta":{"_joinchat":[],"footnotes":""},"class_list":["post-3274","page","type-page","status-publish","hentry"],"_links":{"self":[{"href":"https:\/\/projetos.webthomaz.com\/prafrentebrasil\/wp-json\/wp\/v2\/pages\/3274","targetHints":{"allow":["GET"]}}],"collection":[{"href":"https:\/\/projetos.webthomaz.com\/prafrentebrasil\/wp-json\/wp\/v2\/pages"}],"about":[{"href":"https:\/\/projetos.webthomaz.com\/prafrentebrasil\/wp-json\/wp\/v2\/types\/page"}],"author":[{"embeddable":true,"href":"https:\/\/projetos.webthomaz.com\/prafrentebrasil\/wp-json\/wp\/v2\/users\/1"}],"replies":[{"embeddable":true,"href":"https:\/\/projetos.webthomaz.com\/prafrentebrasil\/wp-json\/wp\/v2\/comments?post=3274"}],"version-history":[{"count":19,"href":"https:\/\/projetos.webthomaz.com\/prafrentebrasil\/wp-json\/wp\/v2\/pages\/3274\/revisions"}],"predecessor-version":[{"id":3623,"href":"https:\/\/projetos.webthomaz.com\/prafrentebrasil\/wp-json\/wp\/v2\/pages\/3274\/revisions\/3623"}],"wp:attachment":[{"href":"https:\/\/projetos.webthomaz.com\/prafrentebrasil\/wp-json\/wp\/v2\/media?parent=3274"}],"curies":[{"name":"wp","href":"https:\/\/api.w.org\/{rel}","templated":true}]}}