{"id":3121,"date":"2025-11-14T00:57:06","date_gmt":"2025-11-14T00:57:06","guid":{"rendered":"http:\/\/projetos.webthomaz.com\/prafrentebrasil\/?page_id=3121"},"modified":"2026-01-05T18:41:17","modified_gmt":"2026-01-05T18:41:17","slug":"restaurante","status":"publish","type":"page","link":"https:\/\/projetos.webthomaz.com\/prafrentebrasil\/restaurante\/","title":{"rendered":"Restaurante"},"content":{"rendered":"\t\t<div data-elementor-type=\"wp-page\" data-elementor-id=\"3121\" class=\"elementor elementor-3121\" data-elementor-post-type=\"page\">\n\t\t\t\t<div class=\"elementor-element elementor-element-71bc5ea e-con-full e-flex e-con e-parent\" data-id=\"71bc5ea\" data-element_type=\"container\" data-settings=\"{&quot;background_background&quot;:&quot;classic&quot;}\">\n\t\t<div class=\"elementor-element elementor-element-3a0a1ee e-flex e-con-boxed e-con e-child\" data-id=\"3a0a1ee\" data-element_type=\"container\">\n\t\t\t\t\t<div class=\"e-con-inner\">\n\t\t\t\t<div class=\"elementor-element elementor-element-b792683 elementor-widget elementor-widget-heading\" data-id=\"b792683\" data-element_type=\"widget\" data-widget_type=\"heading.default\">\n\t\t\t\t<div class=\"elementor-widget-container\">\n\t\t\t<h2 class=\"elementor-heading-title elementor-size-default\">Sabor brasileiro que une <span style=\"color: #ffe700\">tradi\u00e7\u00e3o e qualidade<\/span><\/h2>\t\t<\/div>\n\t\t\t\t<\/div>\n\t\t\t\t<div class=\"elementor-element elementor-element-c92b8e8 elementor-widget elementor-widget-heading\" data-id=\"c92b8e8\" data-element_type=\"widget\" data-widget_type=\"heading.default\">\n\t\t\t\t<div class=\"elementor-widget-container\">\n\t\t\t<h2 class=\"elementor-heading-title elementor-size-default\">O Restaurante PFB, anexo ao Posto 2 de Arapongas, \u00e9 o ponto de parada ideal para motoristas e fam\u00edlias.\nCom boa comida e ambiente confort\u00e1vel, \u00e9 o lugar perfeito para recarregar as energias.<\/h2>\t\t<\/div>\n\t\t\t\t<\/div>\n\t\t\t\t\t<\/div>\n\t\t\t\t<\/div>\n\t\t\t\t<\/div>\n\t\t<div class=\"elementor-element elementor-element-ea8e035 e-con-full e-flex e-con e-parent\" data-id=\"ea8e035\" data-element_type=\"container\" data-settings=\"{&quot;background_background&quot;:&quot;classic&quot;}\">\n\t\t<div class=\"elementor-element elementor-element-c72e9ba e-con-full e-flex e-con e-child\" data-id=\"c72e9ba\" data-element_type=\"container\" data-settings=\"{&quot;background_background&quot;:&quot;classic&quot;}\">\n\t\t\t\t<div class=\"elementor-element elementor-element-f295a7b elementor-widget elementor-widget-image\" data-id=\"f295a7b\" data-element_type=\"widget\" data-widget_type=\"image.default\">\n\t\t\t\t<div class=\"elementor-widget-container\">\n\t\t\t\t\t\t\t\t\t\t\t\t\t<img loading=\"lazy\" decoding=\"async\" width=\"600\" height=\"450\" src=\"https:\/\/projetos.webthomaz.com\/prafrentebrasil\/wp-content\/uploads\/2026\/01\/comida-brasileira-2.png\" class=\"attachment-full size-full wp-image-3667\" alt=\"\" srcset=\"https:\/\/projetos.webthomaz.com\/prafrentebrasil\/wp-content\/uploads\/2026\/01\/comida-brasileira-2.png 600w, https:\/\/projetos.webthomaz.com\/prafrentebrasil\/wp-content\/uploads\/2026\/01\/comida-brasileira-2-300x225.png 300w\" sizes=\"auto, (max-width: 600px) 100vw, 600px\" \/>\t\t\t\t\t\t\t\t\t\t\t\t\t<\/div>\n\t\t\t\t<\/div>\n\t\t\t\t<\/div>\n\t\t<div class=\"elementor-element elementor-element-bbe0891 e-con-full e-flex e-con e-child\" data-id=\"bbe0891\" data-element_type=\"container\" data-settings=\"{&quot;background_background&quot;:&quot;classic&quot;}\">\n\t\t\t\t<div class=\"elementor-element elementor-element-3118d0f elementor-widget elementor-widget-heading\" data-id=\"3118d0f\" data-element_type=\"widget\" data-widget_type=\"heading.default\">\n\t\t\t\t<div class=\"elementor-widget-container\">\n\t\t\t<h2 class=\"elementor-heading-title elementor-size-default\">Experimente o verdadeiro sabor brasileiro<\/h2>\t\t<\/div>\n\t\t\t\t<\/div>\n\t\t\t\t<div class=\"elementor-element elementor-element-56ff8d4 elementor-widget elementor-widget-text-editor\" data-id=\"56ff8d4\" data-element_type=\"widget\" data-widget_type=\"text-editor.default\">\n\t\t\t\t<div class=\"elementor-widget-container\">\n\t\t\t\t\t\t\t<p data-start=\"223\" data-end=\"500\">No Restaurante Pra Frente Brasil, cada prato \u00e9 preparado com ingredientes frescos e receitas que carregam tradi\u00e7\u00e3o. Aqui voc\u00ea encontra o equil\u00edbrio perfeito entre qualidade, sabor e aconchego.<\/p>\t\t\t\t\t\t<\/div>\n\t\t\t\t<\/div>\n\t\t\t\t<div class=\"elementor-element elementor-element-6fac6f0 elementor-align-left elementor-mobile-align-center elementor-widget elementor-widget-button\" data-id=\"6fac6f0\" data-element_type=\"widget\" data-widget_type=\"button.default\">\n\t\t\t\t<div class=\"elementor-widget-container\">\n\t\t\t\t\t<div class=\"elementor-button-wrapper\">\n\t\t\t<a class=\"elementor-button elementor-button-link elementor-size-sm\" href=\"https:\/\/share.google\/W4iFBZekrHN7SsMcs\">\n\t\t\t\t\t\t<span class=\"elementor-button-content-wrapper\">\n\t\t\t\t\t\t<span class=\"elementor-button-icon\">\n\t\t\t\t<i aria-hidden=\"true\" class=\"icon icon-right-arrow\"><\/i>\t\t\t<\/span>\n\t\t\t\t\t\t\t\t\t<span class=\"elementor-button-text\">Como chegar<\/span>\n\t\t\t\t\t<\/span>\n\t\t\t\t\t<\/a>\n\t\t<\/div>\n\t\t\t\t<\/div>\n\t\t\t\t<\/div>\n\t\t\t\t<\/div>\n\t\t\t\t<\/div>\n\t\t<div class=\"elementor-element elementor-element-8d61af3 e-con-full e-flex e-con e-parent\" data-id=\"8d61af3\" data-element_type=\"container\" data-settings=\"{&quot;background_background&quot;:&quot;classic&quot;}\">\n\t\t<div class=\"elementor-element elementor-element-7f41c53 e-con-full e-flex e-con e-child\" data-id=\"7f41c53\" data-element_type=\"container\" data-settings=\"{&quot;background_background&quot;:&quot;classic&quot;}\">\n\t\t<div class=\"elementor-element elementor-element-f3d34c0 e-con-full e-flex e-con e-child\" data-id=\"f3d34c0\" data-element_type=\"container\">\n\t\t<div class=\"elementor-element elementor-element-000b3bd e-con-full e-flex e-con e-child\" data-id=\"000b3bd\" data-element_type=\"container\">\n\t\t\t\t<div class=\"elementor-element elementor-element-4528420 elementor-widget elementor-widget-heading\" data-id=\"4528420\" data-element_type=\"widget\" data-widget_type=\"heading.default\">\n\t\t\t\t<div class=\"elementor-widget-container\">\n\t\t\t<h2 class=\"elementor-heading-title elementor-size-default\">Nossos hor\u00e1rios de atendimento<\/h2>\t\t<\/div>\n\t\t\t\t<\/div>\n\t\t\t\t<div class=\"elementor-element elementor-element-b61589e elementor-widget elementor-widget-text-editor\" data-id=\"b61589e\" data-element_type=\"widget\" data-widget_type=\"text-editor.default\">\n\t\t\t\t<div class=\"elementor-widget-container\">\n\t\t\t\t\t\t\t<article class=\"text-token-text-primary w-full focus:outline-none scroll-mt-[calc(var(--header-height)+min(200px,max(70px,20svh)))]\" dir=\"auto\" tabindex=\"-1\" data-turn-id=\"request-WEB:281ff0d8-8c6a-4ea4-857a-f4022682c088-6\" data-testid=\"conversation-turn-14\" data-scroll-anchor=\"true\" data-turn=\"assistant\"><div class=\"text-base my-auto mx-auto pb-10 [--thread-content-margin:--spacing(4)] thread-sm:[--thread-content-margin:--spacing(6)] thread-lg:[--thread-content-margin:--spacing(16)] px-(--thread-content-margin)\"><div class=\"[--thread-content-max-width:40rem] thread-lg:[--thread-content-max-width:48rem] mx-auto max-w-(--thread-content-max-width) flex-1 group\/turn-messages focus-visible:outline-hidden relative flex w-full min-w-0 flex-col agent-turn\" tabindex=\"-1\"><div class=\"flex max-w-full flex-col grow\"><div class=\"min-h-8 text-message relative flex w-full flex-col items-end gap-2 text-start break-words whitespace-normal [.text-message+&amp;]:mt-5\" dir=\"auto\" data-message-author-role=\"assistant\" data-message-id=\"e3fcb0b4-5583-4121-b0f6-ff854d3da425\" data-message-model-slug=\"gpt-5\"><div class=\"flex w-full flex-col gap-1 empty:hidden first:pt-[1px]\"><div class=\"markdown prose dark:prose-invert w-full break-words dark markdown-new-styling\"><p data-start=\"618\" data-end=\"846\">Estamos prontos para atender voc\u00ea com qualidade e efici\u00eancia, todos os dias da semana.<\/p><\/div><\/div><\/div><\/div><\/div><\/div><\/article>\t\t\t\t\t\t<\/div>\n\t\t\t\t<\/div>\n\t\t\t\t<div class=\"elementor-element elementor-element-fd97a88 elementor-position-left elementor-view-default elementor-mobile-position-top elementor-vertical-align-top elementor-widget elementor-widget-icon-box\" data-id=\"fd97a88\" data-element_type=\"widget\" data-widget_type=\"icon-box.default\">\n\t\t\t\t<div class=\"elementor-widget-container\">\n\t\t\t\t\t<div class=\"elementor-icon-box-wrapper\">\n\n\t\t\t\t\t\t<div class=\"elementor-icon-box-icon\">\n\t\t\t\t<span  class=\"elementor-icon elementor-animation-\">\n\t\t\t\t<i aria-hidden=\"true\" class=\"icon icon-clock2\"><\/i>\t\t\t\t<\/span>\n\t\t\t<\/div>\n\t\t\t\n\t\t\t\t\t\t<div class=\"elementor-icon-box-content\">\n\n\t\t\t\t\t\t\t\t\t<h3 class=\"elementor-icon-box-title\">\n\t\t\t\t\t\t<span  >\n\t\t\t\t\t\t\tHor\u00e1rio\t\t\t\t\t\t<\/span>\n\t\t\t\t\t<\/h3>\n\t\t\t\t\n\t\t\t\t\t\t\t\t\t<p class=\"elementor-icon-box-description\">\n\t\t\t\t\t\tSeg. a S\u00e1b: 06:00 as 22:00\t\t\t\t\t<\/p>\n\t\t\t\t\n\t\t\t<\/div>\n\t\t\t\n\t\t<\/div>\n\t\t\t\t<\/div>\n\t\t\t\t<\/div>\n\t\t\t\t<div class=\"elementor-element elementor-element-33a8f4b elementor-position-left elementor-view-default elementor-mobile-position-top elementor-vertical-align-top elementor-widget elementor-widget-icon-box\" data-id=\"33a8f4b\" data-element_type=\"widget\" data-widget_type=\"icon-box.default\">\n\t\t\t\t<div class=\"elementor-widget-container\">\n\t\t\t\t\t<div class=\"elementor-icon-box-wrapper\">\n\n\t\t\t\t\t\t<div class=\"elementor-icon-box-icon\">\n\t\t\t\t<span  class=\"elementor-icon elementor-animation-\">\n\t\t\t\t<i aria-hidden=\"true\" class=\"icon icon-map-marker1\"><\/i>\t\t\t\t<\/span>\n\t\t\t<\/div>\n\t\t\t\n\t\t\t\t\t\t<div class=\"elementor-icon-box-content\">\n\n\t\t\t\t\t\t\t\t\t<h3 class=\"elementor-icon-box-title\">\n\t\t\t\t\t\t<span  >\n\t\t\t\t\t\t\tEndere\u00e7o\t\t\t\t\t\t<\/span>\n\t\t\t\t\t<\/h3>\n\t\t\t\t\n\t\t\t\t\t\t\t\t\t<p class=\"elementor-icon-box-description\">\n\t\t\t\t\t\tRodovia BR-369, Km 181 - Arapongas\/PR\t\t\t\t\t<\/p>\n\t\t\t\t\n\t\t\t<\/div>\n\t\t\t\n\t\t<\/div>\n\t\t\t\t<\/div>\n\t\t\t\t<\/div>\n\t\t\t\t<\/div>\n\t\t\t\t<\/div>\n\t\t\t\t<\/div>\n\t\t<div class=\"elementor-element elementor-element-f4a22a8 e-con-full e-flex e-con e-child\" data-id=\"f4a22a8\" data-element_type=\"container\" data-settings=\"{&quot;background_background&quot;:&quot;classic&quot;}\">\n\t\t\t\t<div class=\"elementor-element elementor-element-e437502 elementor-widget elementor-widget-image\" data-id=\"e437502\" data-element_type=\"widget\" data-widget_type=\"image.default\">\n\t\t\t\t<div class=\"elementor-widget-container\">\n\t\t\t\t\t\t\t\t\t\t\t\t\t<img loading=\"lazy\" decoding=\"async\" width=\"600\" height=\"450\" src=\"https:\/\/projetos.webthomaz.com\/prafrentebrasil\/wp-content\/uploads\/2026\/01\/restaurante-1.png\" class=\"attachment-full size-full wp-image-3660\" alt=\"\" srcset=\"https:\/\/projetos.webthomaz.com\/prafrentebrasil\/wp-content\/uploads\/2026\/01\/restaurante-1.png 600w, https:\/\/projetos.webthomaz.com\/prafrentebrasil\/wp-content\/uploads\/2026\/01\/restaurante-1-300x225.png 300w\" sizes=\"auto, (max-width: 600px) 100vw, 600px\" \/>\t\t\t\t\t\t\t\t\t\t\t\t\t<\/div>\n\t\t\t\t<\/div>\n\t\t\t\t<\/div>\n\t\t\t\t<\/div>\n\t\t<div class=\"elementor-element elementor-element-ea4802b e-con-full e-flex e-con e-parent\" data-id=\"ea4802b\" data-element_type=\"container\" data-settings=\"{&quot;background_background&quot;:&quot;gradient&quot;}\">\n\t\t\t\t<div class=\"elementor-element elementor-element-27a556a elementor-widget elementor-widget-heading\" data-id=\"27a556a\" data-element_type=\"widget\" data-widget_type=\"heading.default\">\n\t\t\t\t<div class=\"elementor-widget-container\">\n\t\t\t<h2 class=\"elementor-heading-title elementor-size-default\">Como chegar no Restaurante PFB<\/h2>\t\t<\/div>\n\t\t\t\t<\/div>\n\t\t\t\t<div class=\"elementor-element elementor-element-aa6ee32 elementor-widget elementor-widget-text-editor\" data-id=\"aa6ee32\" data-element_type=\"widget\" data-widget_type=\"text-editor.default\">\n\t\t\t\t<div class=\"elementor-widget-container\">\n\t\t\t\t\t\t\t<p>Seu ponto de parada em Arapongas-PR<\/p>\t\t\t\t\t\t<\/div>\n\t\t\t\t<\/div>\n\t\t\t\t<\/div>\n\t\t<div class=\"elementor-element elementor-element-f872252 e-con-full e-flex e-con e-parent\" data-id=\"f872252\" data-element_type=\"container\">\n\t\t\t\t<div class=\"elementor-element elementor-element-31a18e1 elementor-widget elementor-widget-google_maps\" data-id=\"31a18e1\" data-element_type=\"widget\" data-widget_type=\"google_maps.default\">\n\t\t\t\t<div class=\"elementor-widget-container\">\n\t\t\t\t\t<div class=\"elementor-custom-embed\">\n\t\t\t<iframe loading=\"lazy\"\n\t\t\t\t\tsrc=\"https:\/\/maps.google.com\/maps?q=Restaurante%20e%20Lanchonete%20Pra%20Frente%20Brasil&#038;t=m&#038;z=16&#038;output=embed&#038;iwloc=near\"\n\t\t\t\t\ttitle=\"Restaurante e Lanchonete Pra Frente Brasil\"\n\t\t\t\t\taria-label=\"Restaurante e Lanchonete Pra Frente Brasil\"\n\t\t\t><\/iframe>\n\t\t<\/div>\n\t\t\t\t<\/div>\n\t\t\t\t<\/div>\n\t\t\t\t<\/div>\n\t\t\t\t<\/div>\n\t\t","protected":false},"excerpt":{"rendered":"<p>Sabor brasileiro que une tradi\u00e7\u00e3o e qualidade O Restaurante PFB, anexo ao Posto 2 de Arapongas, \u00e9 o ponto de parada ideal para motoristas e fam\u00edlias. Com boa comida e ambiente confort\u00e1vel, \u00e9 o lugar perfeito para recarregar as energias. Experimente o verdadeiro sabor brasileiro No Restaurante Pra Frente Brasil, cada prato \u00e9 preparado com [&hellip;]<\/p>\n","protected":false},"author":1,"featured_media":0,"parent":0,"menu_order":0,"comment_status":"closed","ping_status":"closed","template":"elementor_header_footer","meta":{"_joinchat":[],"footnotes":""},"class_list":["post-3121","page","type-page","status-publish","hentry"],"_links":{"self":[{"href":"https:\/\/projetos.webthomaz.com\/prafrentebrasil\/wp-json\/wp\/v2\/pages\/3121","targetHints":{"allow":["GET"]}}],"collection":[{"href":"https:\/\/projetos.webthomaz.com\/prafrentebrasil\/wp-json\/wp\/v2\/pages"}],"about":[{"href":"https:\/\/projetos.webthomaz.com\/prafrentebrasil\/wp-json\/wp\/v2\/types\/page"}],"author":[{"embeddable":true,"href":"https:\/\/projetos.webthomaz.com\/prafrentebrasil\/wp-json\/wp\/v2\/users\/1"}],"replies":[{"embeddable":true,"href":"https:\/\/projetos.webthomaz.com\/prafrentebrasil\/wp-json\/wp\/v2\/comments?post=3121"}],"version-history":[{"count":37,"href":"https:\/\/projetos.webthomaz.com\/prafrentebrasil\/wp-json\/wp\/v2\/pages\/3121\/revisions"}],"predecessor-version":[{"id":3670,"href":"https:\/\/projetos.webthomaz.com\/prafrentebrasil\/wp-json\/wp\/v2\/pages\/3121\/revisions\/3670"}],"wp:attachment":[{"href":"https:\/\/projetos.webthomaz.com\/prafrentebrasil\/wp-json\/wp\/v2\/media?parent=3121"}],"curies":[{"name":"wp","href":"https:\/\/api.w.org\/{rel}","templated":true}]}}