{"id":2951,"date":"2025-11-12T17:43:16","date_gmt":"2025-11-12T17:43:16","guid":{"rendered":"http:\/\/projetos.webthomaz.com\/prafrentebrasil\/?page_id=2951"},"modified":"2026-01-07T17:44:53","modified_gmt":"2026-01-07T17:44:53","slug":"blog","status":"publish","type":"page","link":"https:\/\/projetos.webthomaz.com\/prafrentebrasil\/blog\/","title":{"rendered":"Blog"},"content":{"rendered":"\t\t<div data-elementor-type=\"wp-page\" data-elementor-id=\"2951\" class=\"elementor elementor-2951\" data-elementor-post-type=\"page\">\n\t\t\t\t<div class=\"elementor-element elementor-element-8a97434 e-con-full e-flex e-con e-parent\" data-id=\"8a97434\" data-element_type=\"container\" data-settings=\"{&quot;background_background&quot;:&quot;classic&quot;}\">\n\t\t\t\t<\/div>\n\t\t<div class=\"elementor-element elementor-element-dbb6162 e-con-full e-flex e-con e-parent\" data-id=\"dbb6162\" data-element_type=\"container\" data-settings=\"{&quot;background_background&quot;:&quot;classic&quot;}\">\n\t\t<div class=\"elementor-element elementor-element-9d546f8 e-con-full e-flex e-con e-child\" data-id=\"9d546f8\" data-element_type=\"container\" data-settings=\"{&quot;background_background&quot;:&quot;classic&quot;}\">\n\t\t\t\t<div class=\"elementor-element elementor-element-8934521 elementor-widget elementor-widget-heading\" data-id=\"8934521\" data-element_type=\"widget\" data-widget_type=\"heading.default\">\n\t\t\t\t<div class=\"elementor-widget-container\">\n\t\t\t<h2 class=\"elementor-heading-title elementor-size-default\">Imprensa<\/h2>\t\t<\/div>\n\t\t\t\t<\/div>\n\t\t\t\t<div class=\"elementor-element elementor-element-17f323c elementor-widget elementor-widget-text-editor\" data-id=\"17f323c\" data-element_type=\"widget\" data-widget_type=\"text-editor.default\">\n\t\t\t\t<div class=\"elementor-widget-container\">\n\t\t\t\t\t\t\t<article class=\"text-token-text-primary w-full focus:outline-none scroll-mt-[calc(var(--header-height)+min(200px,max(70px,20svh)))]\" dir=\"auto\" tabindex=\"-1\" data-turn-id=\"request-WEB:281ff0d8-8c6a-4ea4-857a-f4022682c088-6\" data-testid=\"conversation-turn-14\" data-scroll-anchor=\"true\" data-turn=\"assistant\">\n<div class=\"text-base my-auto mx-auto pb-10 [--thread-content-margin:--spacing(4)] thread-sm:[--thread-content-margin:--spacing(6)] thread-lg:[--thread-content-margin:--spacing(16)] px-(--thread-content-margin)\">\n<div class=\"[--thread-content-max-width:40rem] thread-lg:[--thread-content-max-width:48rem] mx-auto max-w-(--thread-content-max-width) flex-1 group\/turn-messages focus-visible:outline-hidden relative flex w-full min-w-0 flex-col agent-turn\" tabindex=\"-1\">\n<div class=\"flex max-w-full flex-col grow\">\n<div class=\"min-h-8 text-message relative flex w-full flex-col items-end gap-2 text-start break-words whitespace-normal [.text-message+&amp;]:mt-5\" dir=\"auto\" data-message-author-role=\"assistant\" data-message-id=\"e3fcb0b4-5583-4121-b0f6-ff854d3da425\" data-message-model-slug=\"gpt-5\">\n<div class=\"flex w-full flex-col gap-1 empty:hidden first:pt-[1px]\">\n<div class=\"markdown prose dark:prose-invert w-full break-words dark markdown-new-styling\">\n<p data-start=\"618\" data-end=\"846\">Not\u00edcias e novidades do Grupo Pra Frente Brasil, aqui voc\u00ea acompanha os marcos, conquistas e hist\u00f3rias que mostram nossa evolu\u00e7\u00e3o e o compromisso constante em seguir sempre em movimento.<\/p>\n<\/div>\n<\/div>\n<\/div>\n<\/div>\n<\/div>\n<\/div>\n<\/article>\t\t\t\t\t\t<\/div>\n\t\t\t\t<\/div>\n\t\t\t\t<\/div>\n\t\t<div class=\"elementor-element elementor-element-5f35d79 e-con-full elementor-hidden-desktop elementor-hidden-laptop elementor-hidden-tablet elementor-hidden-mobile e-flex e-con e-child\" data-id=\"5f35d79\" data-element_type=\"container\">\n\t\t\t\t<\/div>\n\t\t\t\t<\/div>\n\t\t<div class=\"elementor-element elementor-element-6211ad8 e-con-full e-flex e-con e-parent\" data-id=\"6211ad8\" data-element_type=\"container\">\n\t\t<div class=\"elementor-element elementor-element-2af8821 e-con-full e-flex e-con e-child\" data-id=\"2af8821\" data-element_type=\"container\" data-settings=\"{&quot;background_background&quot;:&quot;classic&quot;}\">\n\t\t\t\t<div class=\"elementor-element elementor-element-7dc3792 elementor-widget elementor-widget-search\" data-id=\"7dc3792\" data-element_type=\"widget\" data-settings=\"{&quot;submit_trigger&quot;:&quot;click_submit&quot;}\" data-widget_type=\"search.default\">\n\t\t\t\t<div class=\"elementor-widget-container\">\n\t\t\t\t\t<search class=\"e-search hidden\" role=\"search\">\n\t\t\t<form class=\"e-search-form\" action=\"https:\/\/projetos.webthomaz.com\/prafrentebrasil\" method=\"get\">\n\n\t\t\t\t\n\t\t\t\t<label class=\"e-search-label\" for=\"search-7dc3792\">\n\t\t\t\t\t<span class=\"elementor-screen-only\">\n\t\t\t\t\t\tSearch\t\t\t\t\t<\/span>\n\t\t\t\t\t\t\t\t\t<\/label>\n\n\t\t\t\t<div class=\"e-search-input-wrapper\">\n\t\t\t\t\t<input id=\"search-7dc3792\" placeholder=\"Digite oque deseja pesquisar...\" class=\"e-search-input\" type=\"search\" name=\"s\" value=\"\" autocomplete=\"off\" role=\"combobox\" aria-autocomplete=\"list\" aria-expanded=\"false\" aria-controls=\"results-7dc3792\" aria-haspopup=\"listbox\">\n\t\t\t\t\t<svg aria-hidden=\"true\" class=\"e-font-icon-svg e-fas-times\" viewBox=\"0 0 352 512\" xmlns=\"http:\/\/www.w3.org\/2000\/svg\"><path d=\"M242.72 256l100.07-100.07c12.28-12.28 12.28-32.19 0-44.48l-22.24-22.24c-12.28-12.28-32.19-12.28-44.48 0L176 189.28 75.93 89.21c-12.28-12.28-32.19-12.28-44.48 0L9.21 111.45c-12.28 12.28-12.28 32.19 0 44.48L109.28 256 9.21 356.07c-12.28 12.28-12.28 32.19 0 44.48l22.24 22.24c12.28 12.28 32.2 12.28 44.48 0L176 322.72l100.07 100.07c12.28 12.28 32.2 12.28 44.48 0l22.24-22.24c12.28-12.28 12.28-32.19 0-44.48L242.72 256z\"><\/path><\/svg>\t\t\t\t\t\t\t\t\t\t<output id=\"results-7dc3792\" class=\"e-search-results-container hide-loader\" aria-live=\"polite\" aria-atomic=\"true\" aria-label=\"Results for search\" tabindex=\"0\">\n\t\t\t\t\t\t<div class=\"e-search-results\"><\/div>\n\t\t\t\t\t\t\t\t\t\t\t<\/output>\n\t\t\t\t\t\t\t\t\t<\/div>\n\t\t\t\t\n\t\t\t\t\n\t\t\t\t<button class=\"e-search-submit  \" type=\"submit\">\n\t\t\t\t\t\n\t\t\t\t\t<span class=\"\">\n\t\t\t\t\t\tPesquisar\t\t\t\t\t<\/span>\n\t\t\t\t<\/button>\n\t\t\t\t<input type=\"hidden\" name=\"e_search_props\" value=\"7dc3792-2951\">\n\t\t\t<\/form>\n\t\t<\/search>\n\t\t\t\t<\/div>\n\t\t\t\t<\/div>\n\t\t\t\t<\/div>\n\t\t\t\t<\/div>\n\t\t<div class=\"elementor-element elementor-element-b3ef2c9 e-con-full e-flex e-con e-parent\" data-id=\"b3ef2c9\" data-element_type=\"container\">\n\t\t\t\t<div class=\"elementor-element elementor-element-7b47573 elementor-widget elementor-widget-heading\" data-id=\"7b47573\" data-element_type=\"widget\" data-widget_type=\"heading.default\">\n\t\t\t\t<div class=\"elementor-widget-container\">\n\t\t\t<h2 class=\"elementor-heading-title elementor-size-default\">Artigos em Destaque<\/h2>\t\t<\/div>\n\t\t\t\t<\/div>\n\t\t\t\t<\/div>\n\t\t<div class=\"elementor-element elementor-element-02ee13c e-con-full e-flex e-con e-parent\" data-id=\"02ee13c\" data-element_type=\"container\">\n\t\t<div class=\"elementor-element elementor-element-9113b15 e-con-full e-flex e-con e-child\" data-id=\"9113b15\" data-element_type=\"container\">\n\t\t\t\t<div class=\"elementor-element elementor-element-aadd83d elementor-grid-tablet-1 elementor-grid-1 elementor-grid-mobile-1 elementor-posts--thumbnail-top elementor-posts__hover-gradient elementor-widget elementor-widget-posts\" data-id=\"aadd83d\" data-element_type=\"widget\" data-settings=\"{&quot;cards_columns_tablet&quot;:&quot;1&quot;,&quot;pagination_type&quot;:&quot;load_more_infinite_scroll&quot;,&quot;cards_columns&quot;:&quot;1&quot;,&quot;cards_columns_mobile&quot;:&quot;1&quot;,&quot;cards_row_gap&quot;:{&quot;unit&quot;:&quot;px&quot;,&quot;size&quot;:35,&quot;sizes&quot;:[]},&quot;cards_row_gap_laptop&quot;:{&quot;unit&quot;:&quot;px&quot;,&quot;size&quot;:&quot;&quot;,&quot;sizes&quot;:[]},&quot;cards_row_gap_tablet&quot;:{&quot;unit&quot;:&quot;px&quot;,&quot;size&quot;:&quot;&quot;,&quot;sizes&quot;:[]},&quot;cards_row_gap_mobile&quot;:{&quot;unit&quot;:&quot;px&quot;,&quot;size&quot;:&quot;&quot;,&quot;sizes&quot;:[]},&quot;load_more_spinner&quot;:{&quot;value&quot;:&quot;fas fa-spinner&quot;,&quot;library&quot;:&quot;fa-solid&quot;}}\" data-widget_type=\"posts.cards\">\n\t\t\t\t<div class=\"elementor-widget-container\">\n\t\t\t\t\t<div class=\"elementor-posts-container elementor-posts elementor-posts--skin-cards elementor-grid\">\n\t\t\t\t<article class=\"elementor-post elementor-grid-item post-2908 post type-post status-publish format-standard has-post-thumbnail hentry category-destaque-principal tag-pfb tag-teste\">\n\t\t\t<div class=\"elementor-post__card\">\n\t\t\t\t<a class=\"elementor-post__thumbnail__link\" href=\"https:\/\/projetos.webthomaz.com\/prafrentebrasil\/grupo-pra-frente-brasil-celebra-colaboradores-com-ate-30-anos-de-dedicacao\/\" tabindex=\"-1\" ><div class=\"elementor-post__thumbnail\"><img loading=\"lazy\" decoding=\"async\" width=\"1080\" height=\"1350\" src=\"https:\/\/projetos.webthomaz.com\/prafrentebrasil\/wp-content\/uploads\/2025\/11\/qxGZng5AYLrFPdwD3Bn4TPFvJHno8o7F9n1y2SjL.png\" class=\"attachment-full size-full wp-image-2909\" alt=\"\" srcset=\"https:\/\/projetos.webthomaz.com\/prafrentebrasil\/wp-content\/uploads\/2025\/11\/qxGZng5AYLrFPdwD3Bn4TPFvJHno8o7F9n1y2SjL.png 1080w, https:\/\/projetos.webthomaz.com\/prafrentebrasil\/wp-content\/uploads\/2025\/11\/qxGZng5AYLrFPdwD3Bn4TPFvJHno8o7F9n1y2SjL-240x300.png 240w, https:\/\/projetos.webthomaz.com\/prafrentebrasil\/wp-content\/uploads\/2025\/11\/qxGZng5AYLrFPdwD3Bn4TPFvJHno8o7F9n1y2SjL-819x1024.png 819w, https:\/\/projetos.webthomaz.com\/prafrentebrasil\/wp-content\/uploads\/2025\/11\/qxGZng5AYLrFPdwD3Bn4TPFvJHno8o7F9n1y2SjL-768x960.png 768w, https:\/\/projetos.webthomaz.com\/prafrentebrasil\/wp-content\/uploads\/2025\/11\/qxGZng5AYLrFPdwD3Bn4TPFvJHno8o7F9n1y2SjL-600x750.png 600w\" sizes=\"auto, (max-width: 1080px) 100vw, 1080px\" \/><\/div><\/a>\n\t\t\t\t<div class=\"elementor-post__text\">\n\t\t\t\t<h3 class=\"elementor-post__title\">\n\t\t\t<a href=\"https:\/\/projetos.webthomaz.com\/prafrentebrasil\/grupo-pra-frente-brasil-celebra-colaboradores-com-ate-30-anos-de-dedicacao\/\" >\n\t\t\t\tGrupo Pra Frente Brasil celebra colaboradores com at\u00e9 30 anos de dedica\u00e7\u00e3o!\t\t\t<\/a>\n\t\t<\/h3>\n\t\t\t\t\t<div class=\"elementor-post__read-more-wrapper\">\n\t\t\n\t\t<a class=\"elementor-post__read-more\" href=\"https:\/\/projetos.webthomaz.com\/prafrentebrasil\/grupo-pra-frente-brasil-celebra-colaboradores-com-ate-30-anos-de-dedicacao\/\" aria-label=\"Read more about Grupo Pra Frente Brasil celebra colaboradores com at\u00e9 30 anos de dedica\u00e7\u00e3o!\" tabindex=\"-1\" >\n\t\t\tLer mais\t\t<\/a>\n\n\t\t\t\t\t<\/div>\n\t\t\t\t<\/div>\n\t\t\t\t\t<\/div>\n\t\t<\/article>\n\t\t\t\t<\/div>\n\t\t\t\t\t<span class=\"e-load-more-spinner\">\n\t\t\t\t<svg aria-hidden=\"true\" class=\"e-font-icon-svg e-fas-spinner\" viewBox=\"0 0 512 512\" xmlns=\"http:\/\/www.w3.org\/2000\/svg\"><path d=\"M304 48c0 26.51-21.49 48-48 48s-48-21.49-48-48 21.49-48 48-48 48 21.49 48 48zm-48 368c-26.51 0-48 21.49-48 48s21.49 48 48 48 48-21.49 48-48-21.49-48-48-48zm208-208c-26.51 0-48 21.49-48 48s21.49 48 48 48 48-21.49 48-48-21.49-48-48-48zM96 256c0-26.51-21.49-48-48-48S0 229.49 0 256s21.49 48 48 48 48-21.49 48-48zm12.922 99.078c-26.51 0-48 21.49-48 48s21.49 48 48 48 48-21.49 48-48c0-26.509-21.491-48-48-48zm294.156 0c-26.51 0-48 21.49-48 48s21.49 48 48 48 48-21.49 48-48c0-26.509-21.49-48-48-48zM108.922 60.922c-26.51 0-48 21.49-48 48s21.49 48 48 48 48-21.49 48-48-21.491-48-48-48z\"><\/path><\/svg>\t\t\t<\/span>\n\t\t\n\t\t\t\t<\/div>\n\t\t\t\t<\/div>\n\t\t\t\t<\/div>\n\t\t<div class=\"elementor-element elementor-element-e288b69 e-con-full e-flex e-con e-child\" data-id=\"e288b69\" data-element_type=\"container\">\n\t\t\t\t<div class=\"elementor-element elementor-element-45fa8b7 elementor-grid-tablet-1 elementor-grid-2 elementor-grid-mobile-1 elementor-posts--thumbnail-top elementor-posts__hover-gradient elementor-widget elementor-widget-posts\" data-id=\"45fa8b7\" data-element_type=\"widget\" data-settings=\"{&quot;cards_columns_tablet&quot;:&quot;1&quot;,&quot;pagination_type&quot;:&quot;load_more_infinite_scroll&quot;,&quot;cards_columns&quot;:&quot;2&quot;,&quot;cards_columns_mobile&quot;:&quot;1&quot;,&quot;cards_row_gap&quot;:{&quot;unit&quot;:&quot;px&quot;,&quot;size&quot;:35,&quot;sizes&quot;:[]},&quot;cards_row_gap_laptop&quot;:{&quot;unit&quot;:&quot;px&quot;,&quot;size&quot;:&quot;&quot;,&quot;sizes&quot;:[]},&quot;cards_row_gap_tablet&quot;:{&quot;unit&quot;:&quot;px&quot;,&quot;size&quot;:&quot;&quot;,&quot;sizes&quot;:[]},&quot;cards_row_gap_mobile&quot;:{&quot;unit&quot;:&quot;px&quot;,&quot;size&quot;:&quot;&quot;,&quot;sizes&quot;:[]},&quot;load_more_spinner&quot;:{&quot;value&quot;:&quot;fas fa-spinner&quot;,&quot;library&quot;:&quot;fa-solid&quot;}}\" data-widget_type=\"posts.cards\">\n\t\t\t\t<div class=\"elementor-widget-container\">\n\t\t\t\t\t<div class=\"elementor-posts-container elementor-posts elementor-posts--skin-cards elementor-grid\">\n\t\t\t\t<article class=\"elementor-post elementor-grid-item post-2905 post type-post status-publish format-standard has-post-thumbnail hentry category-uncategorized\">\n\t\t\t<div class=\"elementor-post__card\">\n\t\t\t\t<a class=\"elementor-post__thumbnail__link\" href=\"https:\/\/projetos.webthomaz.com\/prafrentebrasil\/transportadora-pra-frente-brasil-e-reconhecida-como-a-melhor-do-pais-no-programa-gestao-360-da-raizen\/\" tabindex=\"-1\" ><div class=\"elementor-post__thumbnail\"><img loading=\"lazy\" decoding=\"async\" width=\"2560\" height=\"1440\" src=\"https:\/\/projetos.webthomaz.com\/prafrentebrasil\/wp-content\/uploads\/2025\/11\/A608WheO6JuEdaT8GXILu7QQRjZIlTwPv6V7Ry1O-scaled.jpg\" class=\"attachment-full size-full wp-image-2906\" alt=\"\" srcset=\"https:\/\/projetos.webthomaz.com\/prafrentebrasil\/wp-content\/uploads\/2025\/11\/A608WheO6JuEdaT8GXILu7QQRjZIlTwPv6V7Ry1O-scaled.jpg 2560w, https:\/\/projetos.webthomaz.com\/prafrentebrasil\/wp-content\/uploads\/2025\/11\/A608WheO6JuEdaT8GXILu7QQRjZIlTwPv6V7Ry1O-300x169.jpg 300w, https:\/\/projetos.webthomaz.com\/prafrentebrasil\/wp-content\/uploads\/2025\/11\/A608WheO6JuEdaT8GXILu7QQRjZIlTwPv6V7Ry1O-1024x576.jpg 1024w, https:\/\/projetos.webthomaz.com\/prafrentebrasil\/wp-content\/uploads\/2025\/11\/A608WheO6JuEdaT8GXILu7QQRjZIlTwPv6V7Ry1O-768x432.jpg 768w, https:\/\/projetos.webthomaz.com\/prafrentebrasil\/wp-content\/uploads\/2025\/11\/A608WheO6JuEdaT8GXILu7QQRjZIlTwPv6V7Ry1O-1536x864.jpg 1536w, https:\/\/projetos.webthomaz.com\/prafrentebrasil\/wp-content\/uploads\/2025\/11\/A608WheO6JuEdaT8GXILu7QQRjZIlTwPv6V7Ry1O-2048x1152.jpg 2048w, https:\/\/projetos.webthomaz.com\/prafrentebrasil\/wp-content\/uploads\/2025\/11\/A608WheO6JuEdaT8GXILu7QQRjZIlTwPv6V7Ry1O-600x338.jpg 600w\" sizes=\"auto, (max-width: 2560px) 100vw, 2560px\" \/><\/div><\/a>\n\t\t\t\t<div class=\"elementor-post__text\">\n\t\t\t\t<h3 class=\"elementor-post__title\">\n\t\t\t<a href=\"https:\/\/projetos.webthomaz.com\/prafrentebrasil\/transportadora-pra-frente-brasil-e-reconhecida-como-a-melhor-do-pais-no-programa-gestao-360-da-raizen\/\" >\n\t\t\t\tTransportadora Pra Frente Brasil \u00e9 reconhecida como a melhor do pa\u00eds no Programa Gest\u00e3o 360\u00b0 da Ra\u00edzen\t\t\t<\/a>\n\t\t<\/h3>\n\t\t\t\t\t<div class=\"elementor-post__read-more-wrapper\">\n\t\t\n\t\t<a class=\"elementor-post__read-more\" href=\"https:\/\/projetos.webthomaz.com\/prafrentebrasil\/transportadora-pra-frente-brasil-e-reconhecida-como-a-melhor-do-pais-no-programa-gestao-360-da-raizen\/\" aria-label=\"Read more about Transportadora Pra Frente Brasil \u00e9 reconhecida como a melhor do pa\u00eds no Programa Gest\u00e3o 360\u00b0 da Ra\u00edzen\" tabindex=\"-1\" >\n\t\t\tLer mais\t\t<\/a>\n\n\t\t\t\t\t<\/div>\n\t\t\t\t<\/div>\n\t\t\t\t\t<\/div>\n\t\t<\/article>\n\t\t\t\t<article class=\"elementor-post elementor-grid-item post-2901 post type-post status-publish format-standard has-post-thumbnail hentry category-uncategorized\">\n\t\t\t<div class=\"elementor-post__card\">\n\t\t\t\t<a class=\"elementor-post__thumbnail__link\" href=\"https:\/\/projetos.webthomaz.com\/prafrentebrasil\/pra-frente-brasil-e-siga-verd-e-um-futuro-mais-sustentavel\/\" tabindex=\"-1\" ><div class=\"elementor-post__thumbnail\"><img loading=\"lazy\" decoding=\"async\" width=\"1080\" height=\"1350\" src=\"https:\/\/projetos.webthomaz.com\/prafrentebrasil\/wp-content\/uploads\/2025\/11\/XM2Ofi1MFkecJklVmxjHpMnuDtQ7yuANmkSk7yfc.png\" class=\"attachment-full size-full wp-image-2903\" alt=\"\" srcset=\"https:\/\/projetos.webthomaz.com\/prafrentebrasil\/wp-content\/uploads\/2025\/11\/XM2Ofi1MFkecJklVmxjHpMnuDtQ7yuANmkSk7yfc.png 1080w, https:\/\/projetos.webthomaz.com\/prafrentebrasil\/wp-content\/uploads\/2025\/11\/XM2Ofi1MFkecJklVmxjHpMnuDtQ7yuANmkSk7yfc-240x300.png 240w, https:\/\/projetos.webthomaz.com\/prafrentebrasil\/wp-content\/uploads\/2025\/11\/XM2Ofi1MFkecJklVmxjHpMnuDtQ7yuANmkSk7yfc-819x1024.png 819w, https:\/\/projetos.webthomaz.com\/prafrentebrasil\/wp-content\/uploads\/2025\/11\/XM2Ofi1MFkecJklVmxjHpMnuDtQ7yuANmkSk7yfc-768x960.png 768w, https:\/\/projetos.webthomaz.com\/prafrentebrasil\/wp-content\/uploads\/2025\/11\/XM2Ofi1MFkecJklVmxjHpMnuDtQ7yuANmkSk7yfc-600x750.png 600w\" sizes=\"auto, (max-width: 1080px) 100vw, 1080px\" \/><\/div><\/a>\n\t\t\t\t<div class=\"elementor-post__text\">\n\t\t\t\t<h3 class=\"elementor-post__title\">\n\t\t\t<a href=\"https:\/\/projetos.webthomaz.com\/prafrentebrasil\/pra-frente-brasil-e-siga-verd-e-um-futuro-mais-sustentavel\/\" >\n\t\t\t\tPra Frente Brasil e Siga Verd-e. Um futuro mais sustent\u00e1vel!\t\t\t<\/a>\n\t\t<\/h3>\n\t\t\t\t\t<div class=\"elementor-post__read-more-wrapper\">\n\t\t\n\t\t<a class=\"elementor-post__read-more\" href=\"https:\/\/projetos.webthomaz.com\/prafrentebrasil\/pra-frente-brasil-e-siga-verd-e-um-futuro-mais-sustentavel\/\" aria-label=\"Read more about Pra Frente Brasil e Siga Verd-e. Um futuro mais sustent\u00e1vel!\" tabindex=\"-1\" >\n\t\t\tLer mais\t\t<\/a>\n\n\t\t\t\t\t<\/div>\n\t\t\t\t<\/div>\n\t\t\t\t\t<\/div>\n\t\t<\/article>\n\t\t\t\t<article class=\"elementor-post elementor-grid-item post-2898 post type-post status-publish format-standard has-post-thumbnail hentry category-uncategorized\">\n\t\t\t<div class=\"elementor-post__card\">\n\t\t\t\t<a class=\"elementor-post__thumbnail__link\" href=\"https:\/\/projetos.webthomaz.com\/prafrentebrasil\/iso-39001-um-compromisso-com-a-vida-nas-estradas\/\" tabindex=\"-1\" ><div class=\"elementor-post__thumbnail\"><img loading=\"lazy\" decoding=\"async\" width=\"1080\" height=\"1080\" src=\"https:\/\/projetos.webthomaz.com\/prafrentebrasil\/wp-content\/uploads\/2025\/11\/BWSaxyY8eB0rDK77MANxJxGpZhAVo4eGhdwAK9LT.png\" class=\"attachment-full size-full wp-image-2899\" alt=\"\" srcset=\"https:\/\/projetos.webthomaz.com\/prafrentebrasil\/wp-content\/uploads\/2025\/11\/BWSaxyY8eB0rDK77MANxJxGpZhAVo4eGhdwAK9LT.png 1080w, https:\/\/projetos.webthomaz.com\/prafrentebrasil\/wp-content\/uploads\/2025\/11\/BWSaxyY8eB0rDK77MANxJxGpZhAVo4eGhdwAK9LT-300x300.png 300w, https:\/\/projetos.webthomaz.com\/prafrentebrasil\/wp-content\/uploads\/2025\/11\/BWSaxyY8eB0rDK77MANxJxGpZhAVo4eGhdwAK9LT-1024x1024.png 1024w, https:\/\/projetos.webthomaz.com\/prafrentebrasil\/wp-content\/uploads\/2025\/11\/BWSaxyY8eB0rDK77MANxJxGpZhAVo4eGhdwAK9LT-150x150.png 150w, https:\/\/projetos.webthomaz.com\/prafrentebrasil\/wp-content\/uploads\/2025\/11\/BWSaxyY8eB0rDK77MANxJxGpZhAVo4eGhdwAK9LT-768x768.png 768w, https:\/\/projetos.webthomaz.com\/prafrentebrasil\/wp-content\/uploads\/2025\/11\/BWSaxyY8eB0rDK77MANxJxGpZhAVo4eGhdwAK9LT-600x600.png 600w, https:\/\/projetos.webthomaz.com\/prafrentebrasil\/wp-content\/uploads\/2025\/11\/BWSaxyY8eB0rDK77MANxJxGpZhAVo4eGhdwAK9LT-100x100.png 100w\" sizes=\"auto, (max-width: 1080px) 100vw, 1080px\" \/><\/div><\/a>\n\t\t\t\t<div class=\"elementor-post__text\">\n\t\t\t\t<h3 class=\"elementor-post__title\">\n\t\t\t<a href=\"https:\/\/projetos.webthomaz.com\/prafrentebrasil\/iso-39001-um-compromisso-com-a-vida-nas-estradas\/\" >\n\t\t\t\tISO 39001 \u2022 Um compromisso com a vida nas estradas\t\t\t<\/a>\n\t\t<\/h3>\n\t\t\t\t\t<div class=\"elementor-post__read-more-wrapper\">\n\t\t\n\t\t<a class=\"elementor-post__read-more\" href=\"https:\/\/projetos.webthomaz.com\/prafrentebrasil\/iso-39001-um-compromisso-com-a-vida-nas-estradas\/\" aria-label=\"Read more about ISO 39001 \u2022 Um compromisso com a vida nas estradas\" tabindex=\"-1\" >\n\t\t\tLer mais\t\t<\/a>\n\n\t\t\t\t\t<\/div>\n\t\t\t\t<\/div>\n\t\t\t\t\t<\/div>\n\t\t<\/article>\n\t\t\t\t<article class=\"elementor-post elementor-grid-item post-2895 post type-post status-publish format-standard has-post-thumbnail hentry category-uncategorized\">\n\t\t\t<div class=\"elementor-post__card\">\n\t\t\t\t<a class=\"elementor-post__thumbnail__link\" href=\"https:\/\/projetos.webthomaz.com\/prafrentebrasil\/motorista-destaque-24-25-uma-homenagem-a-excelencia-na-estrada\/\" tabindex=\"-1\" ><div class=\"elementor-post__thumbnail\"><img loading=\"lazy\" decoding=\"async\" width=\"2560\" height=\"1707\" src=\"https:\/\/projetos.webthomaz.com\/prafrentebrasil\/wp-content\/uploads\/2025\/11\/sQMiUOUiil1HCWBxB6SoM8mw1bBXoblixCFGGcSV-scaled.jpg\" class=\"attachment-full size-full wp-image-2896\" alt=\"\" srcset=\"https:\/\/projetos.webthomaz.com\/prafrentebrasil\/wp-content\/uploads\/2025\/11\/sQMiUOUiil1HCWBxB6SoM8mw1bBXoblixCFGGcSV-scaled.jpg 2560w, https:\/\/projetos.webthomaz.com\/prafrentebrasil\/wp-content\/uploads\/2025\/11\/sQMiUOUiil1HCWBxB6SoM8mw1bBXoblixCFGGcSV-300x200.jpg 300w, https:\/\/projetos.webthomaz.com\/prafrentebrasil\/wp-content\/uploads\/2025\/11\/sQMiUOUiil1HCWBxB6SoM8mw1bBXoblixCFGGcSV-1024x683.jpg 1024w, https:\/\/projetos.webthomaz.com\/prafrentebrasil\/wp-content\/uploads\/2025\/11\/sQMiUOUiil1HCWBxB6SoM8mw1bBXoblixCFGGcSV-768x512.jpg 768w, https:\/\/projetos.webthomaz.com\/prafrentebrasil\/wp-content\/uploads\/2025\/11\/sQMiUOUiil1HCWBxB6SoM8mw1bBXoblixCFGGcSV-1536x1024.jpg 1536w, https:\/\/projetos.webthomaz.com\/prafrentebrasil\/wp-content\/uploads\/2025\/11\/sQMiUOUiil1HCWBxB6SoM8mw1bBXoblixCFGGcSV-2048x1365.jpg 2048w, https:\/\/projetos.webthomaz.com\/prafrentebrasil\/wp-content\/uploads\/2025\/11\/sQMiUOUiil1HCWBxB6SoM8mw1bBXoblixCFGGcSV-600x400.jpg 600w\" sizes=\"auto, (max-width: 2560px) 100vw, 2560px\" \/><\/div><\/a>\n\t\t\t\t<div class=\"elementor-post__text\">\n\t\t\t\t<h3 class=\"elementor-post__title\">\n\t\t\t<a href=\"https:\/\/projetos.webthomaz.com\/prafrentebrasil\/motorista-destaque-24-25-uma-homenagem-a-excelencia-na-estrada\/\" >\n\t\t\t\tMotorista Destaque 24\/25: uma homenagem \u00e0 excel\u00eancia na estrada\t\t\t<\/a>\n\t\t<\/h3>\n\t\t\t\t\t<div class=\"elementor-post__read-more-wrapper\">\n\t\t\n\t\t<a class=\"elementor-post__read-more\" href=\"https:\/\/projetos.webthomaz.com\/prafrentebrasil\/motorista-destaque-24-25-uma-homenagem-a-excelencia-na-estrada\/\" aria-label=\"Read more about Motorista Destaque 24\/25: uma homenagem \u00e0 excel\u00eancia na estrada\" tabindex=\"-1\" >\n\t\t\tLer mais\t\t<\/a>\n\n\t\t\t\t\t<\/div>\n\t\t\t\t<\/div>\n\t\t\t\t\t<\/div>\n\t\t<\/article>\n\t\t\t\t<\/div>\n\t\t\t\t\t<span class=\"e-load-more-spinner\">\n\t\t\t\t<svg aria-hidden=\"true\" class=\"e-font-icon-svg e-fas-spinner\" viewBox=\"0 0 512 512\" xmlns=\"http:\/\/www.w3.org\/2000\/svg\"><path d=\"M304 48c0 26.51-21.49 48-48 48s-48-21.49-48-48 21.49-48 48-48 48 21.49 48 48zm-48 368c-26.51 0-48 21.49-48 48s21.49 48 48 48 48-21.49 48-48-21.49-48-48-48zm208-208c-26.51 0-48 21.49-48 48s21.49 48 48 48 48-21.49 48-48-21.49-48-48-48zM96 256c0-26.51-21.49-48-48-48S0 229.49 0 256s21.49 48 48 48 48-21.49 48-48zm12.922 99.078c-26.51 0-48 21.49-48 48s21.49 48 48 48 48-21.49 48-48c0-26.509-21.491-48-48-48zm294.156 0c-26.51 0-48 21.49-48 48s21.49 48 48 48 48-21.49 48-48c0-26.509-21.49-48-48-48zM108.922 60.922c-26.51 0-48 21.49-48 48s21.49 48 48 48 48-21.49 48-48-21.491-48-48-48z\"><\/path><\/svg>\t\t\t<\/span>\n\t\t\n\t\t\t\t<\/div>\n\t\t\t\t<\/div>\n\t\t\t\t<\/div>\n\t\t\t\t<\/div>\n\t\t\t\t<\/div>\n\t\t","protected":false},"excerpt":{"rendered":"<p>Imprensa Not\u00edcias<\/p>\n","protected":false},"author":1,"featured_media":0,"parent":0,"menu_order":0,"comment_status":"closed","ping_status":"closed","template":"elementor_header_footer","meta":{"_joinchat":[],"footnotes":""},"class_list":["post-2951","page","type-page","status-publish","hentry"],"_links":{"self":[{"href":"https:\/\/projetos.webthomaz.com\/prafrentebrasil\/wp-json\/wp\/v2\/pages\/2951","targetHints":{"allow":["GET"]}}],"collection":[{"href":"https:\/\/projetos.webthomaz.com\/prafrentebrasil\/wp-json\/wp\/v2\/pages"}],"about":[{"href":"https:\/\/projetos.webthomaz.com\/prafrentebrasil\/wp-json\/wp\/v2\/types\/page"}],"author":[{"embeddable":true,"href":"https:\/\/projetos.webthomaz.com\/prafrentebrasil\/wp-json\/wp\/v2\/users\/1"}],"replies":[{"embeddable":true,"href":"https:\/\/projetos.webthomaz.com\/prafrentebrasil\/wp-json\/wp\/v2\/comments?post=2951"}],"version-history":[{"count":76,"href":"https:\/\/projetos.webthomaz.com\/prafrentebrasil\/wp-json\/wp\/v2\/pages\/2951\/revisions"}],"predecessor-version":[{"id":3773,"href":"https:\/\/projetos.webthomaz.com\/prafrentebrasil\/wp-json\/wp\/v2\/pages\/2951\/revisions\/3773"}],"wp:attachment":[{"href":"https:\/\/projetos.webthomaz.com\/prafrentebrasil\/wp-json\/wp\/v2\/media?parent=2951"}],"curies":[{"name":"wp","href":"https:\/\/api.w.org\/{rel}","templated":true}]}}